{"id":8245,"date":"2024-11-18T12:44:14","date_gmt":"2024-11-18T11:44:14","guid":{"rendered":"https:\/\/www.abadesareas.com\/cookies\/"},"modified":"2025-07-17T13:35:28","modified_gmt":"2025-07-17T11:35:28","slug":"cookies-policy","status":"publish","type":"page","link":"https:\/\/www.abadesareas.com\/en\/cookies-policy\/","title":{"rendered":"Cookies Policy"},"content":{"rendered":"<div class=\"fusion-fullwidth fullwidth-box fusion-builder-row-1 fusion-flex-container nonhundred-percent-fullwidth non-hundred-percent-height-scrolling\" style=\"--awb-border-radius-top-left:0px;--awb-border-radius-top-right:0px;--awb-border-radius-bottom-right:0px;--awb-border-radius-bottom-left:0px;--awb-padding-top:60px;--awb-flex-wrap:wrap;\" ><div class=\"fusion-builder-row fusion-row fusion-flex-align-items-flex-start fusion-flex-content-wrap\" style=\"max-width:1248px;margin-left: calc(-4% \/ 2 );margin-right: calc(-4% \/ 2 );\"><div class=\"fusion-layout-column fusion_builder_column fusion-builder-column-0 fusion_builder_column_1_1 1_1 fusion-flex-column\" style=\"--awb-bg-blend:overlay;--awb-bg-size:cover;--awb-width-large:100%;--awb-margin-top-large:0px;--awb-spacing-right-large:1.92%;--awb-margin-bottom-large:0px;--awb-spacing-left-large:1.92%;--awb-width-medium:100%;--awb-spacing-right-medium:1.92%;--awb-spacing-left-medium:1.92%;--awb-width-small:100%;--awb-spacing-right-small:1.92%;--awb-spacing-left-small:1.92%;\"><div class=\"fusion-column-wrapper fusion-flex-justify-content-flex-start fusion-content-layout-column\"><div class=\"fusion-text fusion-text-1\"><h1>Cookies Policy<\/h1>\n<p>We comply with the provisions of the obligations set out in the second paragraph of Article 22 of Law 34\/2002, dated 11 July and regulating Information Society Services and Electronic Commerce (hereinafter, the LSSI), in relation to Regulation (EU) 2016\/679 of the European Parliament and of the Council, dated 27 April 2016 and regulating General Data Protection (hereinafter, the RGPD) and Organic Law 3\/2018, dated 5 December and regulating Data Protection and Guarantee of Digital Rights (hereinafter, the LOPDGDD).<\/p>\n<p>We use cookies and\/or similar technologies that store and retrieve information when you browse. Generally speaking, these technologies can be used for many different purposes, such as (for example) recognising you as a User, obtaining information about your browsing habits, sending you advertisements or personalising the way content is displayed. The specific ways in which we use these technologies are described below.<\/p>\n<p>The purpose of this Cookie Policy is to inform you clearly and precisely about the cookies that exist on the Website.<\/p>\n<h2>1. What are cookies? Definition and function (generic).<\/h2>\n<p>Cookies are files that are stored on the User&#8217;s computer when they browse the Internet and which \u2014 most significantly \u2014 contain a number that allows the User&#8217;s computer to be unambiguously identified, even if the User&#8217;s location or IP address changes.<\/p>\n<p>Cookies are installed while browsing the Internet, either by the Websites you visit or by third parties with which the Website is associated, and make it possible to \u2014 among other actions \u2014 store and retrieve information about your browsing habits or your computer and also recognise you, depending on the information they contain and the way you use your computer.<\/p>\n<h3>1.1.Types of cookies<\/h3>\n<h4>1.1.1. Cookies according to the entity that manages them.<br \/>\nDepending on the entity that is managing the device or domain issuing the cookies and processing the data obtained, there are two types of cookies:<\/h4>\n<ul>\n<li><em>Proprietary cookies:<\/em> these are sent to the User&#8217;s terminal equipment from a computer or domain personally managed by the publisher, from which the service requested by the User is provided.<\/li>\n<li><em>Third-partycookies:<\/em> these are sent to the User\u2019s terminal from a computer or domain that is not managed by the publisher, but by another entity that processes the data obtained through the cookies.<br \/>\nIf cookies are installed from a computer or domain managed by the publisher itself, but the information collected through them is managed by a third party, they cannot be considered proprietary cookies.<\/li>\n<\/ul>\n<h4>1.1.2. Cookies according to the length of time they remain activated.<br \/>\nThere is also a second classification according to the length of time that they remain activated in the terminal equipment, this may be:<\/h4>\n<p>Session cookies: these are designed to collect and store data while the User accesses a web page. They are often used to store information that is only relevant to the provision of a service requested by the User on a single occasion (e.g. a list of products purchased), and will disappear at the end of the session.<br \/>\nPersistent cookies: these are cookies whereby the data remains stored in the terminal and can be accessed and processed for a pre-defined period (which can range from a few minutes to several years) by the party responsible for the cookie.<\/p>\n<h4>1.1.3. Cookies according to their purpose.<\/h4>\n<p>Finally, there are other types of cookies as a guide, as they are the most common depending on the purpose for which the data obtained is processed:<\/p>\n<ul>\n<li><em>Technical cookies:<\/em> these are cookies that allow the user to navigate through a website, platform or application and use the different options or services that exist therein, including those that the editor uses to allow the management and operation of the website and enable its functions and services, such as, for example, controlling traffic and data communication, identifying the session, accessing restricted access parts, remembering the elements that make up an order, carrying out the purchase process of an order, managing payment, controlling fraud linked to the security of the service, making the request for registration or participation in an event, counting visits for the purposes of billing licenses for the software with which the service works (website, platform or application), using security elements during navigation, storing content for the dissemination of videos or sound, enabling dynamic content (for example, animation for loading a text or image) or sharing content through social networks.<\/li>\n<li><em>Preference or personalisation cookies:<\/em> these cookies allow information to be remembered so that the User can access the service using specific details that may differentiate their experience from that of other Users, such as (for example) the language used, the number of search results to be displayed, the appearance or content of the service depending on the type of browser via which the User is accessing the service, or the region from which the User is accessing the service, etc.<\/li>\n<li><em>Analysis or measurement cookies:<\/em> these allow the person responsible for them to monitor and analyse the behaviour of Users of the websites to which they are linked, including quantification of the impact of advertisements. The information collected through these cookies is used to measure the activity of Websites, applications or platforms, and to create browser profiles of the Users of these Websites, applications and platforms, in order to make improvements based on the analysis of service User data.<\/li>\n<li><em>Advertising cookies:<\/em> these allow the management of advertising spaces in the most efficient manner possible.<br \/>\nBehavioural advertising cookies: these store information on the User\u2019s behaviour, obtained through continuous observation of their browsing habits, which provides the basis on which to develop a specific profile through which to display advertising.<\/li>\n<li><em>External social network cookies:<\/em> these are used so that visitors can interact with the content of the various different social platforms (such as Facebook, YouTube, Twitter, LinkedIn, etc.) and are only generated for Users of these social networks. The conditions of use of these cookies and the information collected is regulated by the Privacy Policy of the social media platform in question.<\/li>\n<\/ul>\n<h2>2. WHAT KIND OF COOKIES DO WE USE, AND WHAT IS THEIR PURPOSE?<\/h2>\n<p>We use both our proprietary cookies, which are those created or managed by our entity, as the party responsible for this Website; and third-party cookies, which are managed by technical, analysis, social network, personalisation and advertising service providers outside the domain as detailed below:<\/p>\n<div class=\"cky-audit-table-element\"><\/div>\n<h2>3. INFORMATION ON HOW TO ACCEPT, REFUSE, WITHDRAW CONSENT OR REMOVE COOKIES<\/h2>\n<p>You have the option to allow or block cookies, as well as delete your browsing data (including cookies) from the browser you are using. Please refer to the options and instructions provided by your browser for this. Please note that if you accept third-party cookies, you will need to delete them from your browser options. The way to disable cookies differs from browser to browser, but it can usually be done from the Tools or Options menu. You can also consult the browser&#8217;s Help menu where you will find all the instructions.<\/p>\n<p>You can choose which cookies you want to operate on this Website at any time. The following links will provide you with all the information needed to configure or disable your cookies in each browser:<\/p>\n<ul>\n<li><a href=\"https:\/\/support.microsoft.com\/es-es\/topic\/eliminar-y-administrar-cookies-168dab11-0753-043d-7c16-ede5947fc64d#ie=ie-11\">Internet Explorer<\/a><\/li>\n<li><a href=\"https:\/\/support.microsoft.com\/es-es\/windows\/microsoft-edge-datos-de-exploraci%C3%B3n-y-privacidad-bb8174ba-9d73-dcf2-9b4a-c582b4e640dd\">Microsoft Edge<\/a><\/li>\n<li><a href=\"https:\/\/support.mozilla.org\/es\/kb\/Borrar%20cookies\">Firefox<\/a><\/li>\n<li><a href=\"https:\/\/support.google.com\/chrome\/answer\/95647?hl=es\">Chrome<\/a><\/li>\n<li><a href=\"https:\/\/support.apple.com\/es-es\/guide\/safari\/sfri11471\/mac\">Safari<\/a><\/li>\n<\/ul>\n<p>There is an add-on to disable Google Analytics cookies for the most common browsers (Microsoft Internet Explorer, Google Chrome, Mozilla Firefox, Apple Safari and Opera) that makes it easier to exclude the installation of these cookies.<\/p>\n<p>You can find more information at <a href=\"https:\/\/tools.google.com\/dlpage\/gaoptout?hl=es\">https:\/\/tools.google.com\/dlpage\/gaoptout?hl=es<\/a>.<\/p>\n<p>In addition, you can also manage the storage of cookies in your browser using tools such as the following:<\/p>\n<p>Ghostery: <a href=\"http:\/\/ghostery.com\/\">ghostery.com\/<\/a><br \/>\nYour online choices: <a href=\"http:\/\/youronlinechoices.com\/es\/\">youronlinechoices.com\/es\/<\/a><\/p>\n<h3>3.1. Information on transfer of data to third countries.<\/h3>\n<p>You may find information on any transfers to third countries that, where applicable, are made by the third parties identified in this cookie policy in their corresponding policies (see the links provided).<\/p>\n<h2>4. WHAT HAPPENS IF YOU REJECT THE INSTALLATION OF COOKIES?<\/h2>\n<p>In this case you may continue to browse, although the use of some of the services may be limited or you may not be able to access them, and therefore your experience on our Website will be less satisfactory. You may reject them at any time.<\/p>\n<h2>5. In view of this information, the following actions can be carried out:<\/h2>\n<p><strong>COOKIE POLICY:<\/strong> link to this cookie policy where we provide you with all the information relating to the cookies we use.<\/p>\n<p><strong>ACCEPT ALL:<\/strong> all the above cookies will be accepted. The notice will not be displayed again during the current browser session.<\/p>\n<p><strong>REJECT ALL:<\/strong> all cookies will be rejected except those cookies that are necessary and essential for browsing and which cannot be disabled. The notice will not be displayed again during the current browser session.<\/p>\n<p><strong>CUSTOMISE:<\/strong> you can decide which cookies you consent to the installation of and which you do not consent to and save your preferences.<\/p>\n<p>For other information required by data protection regulations, please consult our Privacy Policy<\/p>\n<\/div><\/div><\/div><\/div><\/div>\n","protected":false},"excerpt":{"rendered":"","protected":false},"author":2,"featured_media":0,"parent":0,"menu_order":0,"comment_status":"closed","ping_status":"closed","template":"100-width.php","meta":{"footnotes":""},"class_list":["post-8245","page","type-page","status-publish","hentry"],"yoast_head":"<!-- This site is optimized with the Yoast SEO plugin v25.7 - https:\/\/yoast.com\/wordpress\/plugins\/seo\/ -->\n<title>Pol\u00edtica de cookies - Abades \u00c1reas<\/title>\n<meta name=\"description\" content=\"Pol\u00edtica de cookies de sitio web Abades \u00c1reas.\" \/>\n<meta name=\"robots\" content=\"index, follow, max-snippet:-1, max-image-preview:large, max-video-preview:-1\" \/>\n<link rel=\"canonical\" href=\"https:\/\/www.abadesareas.com\/en\/cookies-policy\/\" \/>\n<meta property=\"og:locale\" content=\"en_US\" \/>\n<meta property=\"og:type\" content=\"article\" \/>\n<meta property=\"og:title\" content=\"Pol\u00edtica de cookies - Abades \u00c1reas\" \/>\n<meta property=\"og:description\" content=\"Pol\u00edtica de cookies de sitio web Abades \u00c1reas.\" \/>\n<meta property=\"og:url\" content=\"https:\/\/www.abadesareas.com\/en\/cookies-policy\/\" \/>\n<meta property=\"og:site_name\" content=\"Abades \u00c1reas\" \/>\n<meta property=\"article:publisher\" content=\"https:\/\/www.facebook.com\/abadesareas\" \/>\n<meta property=\"article:modified_time\" content=\"2025-07-17T11:35:28+00:00\" \/>\n<meta name=\"twitter:card\" content=\"summary_large_image\" \/>\n<meta name=\"twitter:label1\" content=\"Est. reading time\" \/>\n\t<meta name=\"twitter:data1\" content=\"10 minutes\" \/>\n<script type=\"application\/ld+json\" class=\"yoast-schema-graph\">{\"@context\":\"https:\/\/schema.org\",\"@graph\":[{\"@type\":\"WebPage\",\"@id\":\"https:\/\/www.abadesareas.com\/en\/cookies-policy\/\",\"url\":\"https:\/\/www.abadesareas.com\/en\/cookies-policy\/\",\"name\":\"Pol\u00edtica de cookies - Abades \u00c1reas\",\"isPartOf\":{\"@id\":\"https:\/\/www.abadesareas.com\/en\/#website\"},\"datePublished\":\"2024-11-18T11:44:14+00:00\",\"dateModified\":\"2025-07-17T11:35:28+00:00\",\"description\":\"Pol\u00edtica de cookies de sitio web Abades \u00c1reas.\",\"breadcrumb\":{\"@id\":\"https:\/\/www.abadesareas.com\/en\/cookies-policy\/#breadcrumb\"},\"inLanguage\":\"en-US\",\"potentialAction\":[{\"@type\":\"ReadAction\",\"target\":[\"https:\/\/www.abadesareas.com\/en\/cookies-policy\/\"]}]},{\"@type\":\"BreadcrumbList\",\"@id\":\"https:\/\/www.abadesareas.com\/en\/cookies-policy\/#breadcrumb\",\"itemListElement\":[{\"@type\":\"ListItem\",\"position\":1,\"name\":\"Portada\",\"item\":\"https:\/\/www.abadesareas.com\/en\/\"},{\"@type\":\"ListItem\",\"position\":2,\"name\":\"Cookies Policy\"}]},{\"@type\":\"WebSite\",\"@id\":\"https:\/\/www.abadesareas.com\/en\/#website\",\"url\":\"https:\/\/www.abadesareas.com\/en\/\",\"name\":\"Abades \u00c1reas\",\"description\":\"\u00c1reas de servicio Abades \u00c1reas\",\"alternateName\":\"\u00c1reas de servicio y descanso Abades \u00c1reas\",\"potentialAction\":[{\"@type\":\"SearchAction\",\"target\":{\"@type\":\"EntryPoint\",\"urlTemplate\":\"https:\/\/www.abadesareas.com\/en\/?s={search_term_string}\"},\"query-input\":{\"@type\":\"PropertyValueSpecification\",\"valueRequired\":true,\"valueName\":\"search_term_string\"}}],\"inLanguage\":\"en-US\"}]}<\/script>\n<!-- \/ Yoast SEO plugin. -->","yoast_head_json":{"title":"Pol\u00edtica de cookies - Abades \u00c1reas","description":"Pol\u00edtica de cookies de sitio web Abades \u00c1reas.","robots":{"index":"index","follow":"follow","max-snippet":"max-snippet:-1","max-image-preview":"max-image-preview:large","max-video-preview":"max-video-preview:-1"},"canonical":"https:\/\/www.abadesareas.com\/en\/cookies-policy\/","og_locale":"en_US","og_type":"article","og_title":"Pol\u00edtica de cookies - Abades \u00c1reas","og_description":"Pol\u00edtica de cookies de sitio web Abades \u00c1reas.","og_url":"https:\/\/www.abadesareas.com\/en\/cookies-policy\/","og_site_name":"Abades \u00c1reas","article_publisher":"https:\/\/www.facebook.com\/abadesareas","article_modified_time":"2025-07-17T11:35:28+00:00","twitter_card":"summary_large_image","twitter_misc":{"Est. reading time":"10 minutes"},"schema":{"@context":"https:\/\/schema.org","@graph":[{"@type":"WebPage","@id":"https:\/\/www.abadesareas.com\/en\/cookies-policy\/","url":"https:\/\/www.abadesareas.com\/en\/cookies-policy\/","name":"Pol\u00edtica de cookies - Abades \u00c1reas","isPartOf":{"@id":"https:\/\/www.abadesareas.com\/en\/#website"},"datePublished":"2024-11-18T11:44:14+00:00","dateModified":"2025-07-17T11:35:28+00:00","description":"Pol\u00edtica de cookies de sitio web Abades \u00c1reas.","breadcrumb":{"@id":"https:\/\/www.abadesareas.com\/en\/cookies-policy\/#breadcrumb"},"inLanguage":"en-US","potentialAction":[{"@type":"ReadAction","target":["https:\/\/www.abadesareas.com\/en\/cookies-policy\/"]}]},{"@type":"BreadcrumbList","@id":"https:\/\/www.abadesareas.com\/en\/cookies-policy\/#breadcrumb","itemListElement":[{"@type":"ListItem","position":1,"name":"Portada","item":"https:\/\/www.abadesareas.com\/en\/"},{"@type":"ListItem","position":2,"name":"Cookies Policy"}]},{"@type":"WebSite","@id":"https:\/\/www.abadesareas.com\/en\/#website","url":"https:\/\/www.abadesareas.com\/en\/","name":"Abades \u00c1reas","description":"\u00c1reas de servicio Abades \u00c1reas","alternateName":"\u00c1reas de servicio y descanso Abades \u00c1reas","potentialAction":[{"@type":"SearchAction","target":{"@type":"EntryPoint","urlTemplate":"https:\/\/www.abadesareas.com\/en\/?s={search_term_string}"},"query-input":{"@type":"PropertyValueSpecification","valueRequired":true,"valueName":"search_term_string"}}],"inLanguage":"en-US"}]}},"_links":{"self":[{"href":"https:\/\/www.abadesareas.com\/en\/wp-json\/wp\/v2\/pages\/8245","targetHints":{"allow":["GET"]}}],"collection":[{"href":"https:\/\/www.abadesareas.com\/en\/wp-json\/wp\/v2\/pages"}],"about":[{"href":"https:\/\/www.abadesareas.com\/en\/wp-json\/wp\/v2\/types\/page"}],"author":[{"embeddable":true,"href":"https:\/\/www.abadesareas.com\/en\/wp-json\/wp\/v2\/users\/2"}],"replies":[{"embeddable":true,"href":"https:\/\/www.abadesareas.com\/en\/wp-json\/wp\/v2\/comments?post=8245"}],"version-history":[{"count":4,"href":"https:\/\/www.abadesareas.com\/en\/wp-json\/wp\/v2\/pages\/8245\/revisions"}],"predecessor-version":[{"id":8265,"href":"https:\/\/www.abadesareas.com\/en\/wp-json\/wp\/v2\/pages\/8245\/revisions\/8265"}],"wp:attachment":[{"href":"https:\/\/www.abadesareas.com\/en\/wp-json\/wp\/v2\/media?parent=8245"}],"curies":[{"name":"wp","href":"https:\/\/api.w.org\/{rel}","templated":true}]}}