{"id":8155,"date":"2025-06-10T11:49:38","date_gmt":"2025-06-10T09:49:38","guid":{"rendered":"https:\/\/www.abadesareas.com\/contacto\/"},"modified":"2026-03-23T17:51:15","modified_gmt":"2026-03-23T16:51:15","slug":"contact-us","status":"publish","type":"page","link":"https:\/\/www.abadesareas.com\/en\/contact-us\/","title":{"rendered":"Contact"},"content":{"rendered":"<p><div class=\"fusion-fullwidth fullwidth-box fusion-builder-row-1 fusion-flex-container fusion-parallax-none hundred-percent-fullwidth non-hundred-percent-height-scrolling\" style=\"--awb-border-radius-top-left:0px;--awb-border-radius-top-right:0px;--awb-border-radius-bottom-right:0px;--awb-border-radius-bottom-left:0px;--awb-min-height:80vh;--awb-background-image:linear-gradient(180deg, rgba(0,0,0,0.6) 0%,rgba(0,0,0,0.6) 100%),url(https:\/\/www.abadesareas.com\/wp-content\/uploads\/2025\/06\/encabezado-contacto.jpg);;--awb-background-size:cover;--awb-flex-wrap:wrap;\" ><div class=\"fusion-builder-row fusion-row fusion-flex-align-items-flex-start fusion-flex-content-wrap\" style=\"width:104% !important;max-width:104% !important;margin-left: calc(-4% \/ 2 );margin-right: calc(-4% \/ 2 );\"><div class=\"fusion-layout-column fusion_builder_column fusion-builder-column-0 fusion_builder_column_1_1 1_1 fusion-flex-column fusion-flex-align-self-center\" style=\"--awb-bg-blend:overlay;--awb-bg-size:cover;--awb-width-large:100%;--awb-margin-top-large:0px;--awb-spacing-right-large:1.92%;--awb-margin-bottom-large:0px;--awb-spacing-left-large:1.92%;--awb-width-medium:100%;--awb-spacing-right-medium:1.92%;--awb-spacing-left-medium:1.92%;--awb-width-small:100%;--awb-spacing-right-small:1.92%;--awb-spacing-left-small:1.92%;\"><div class=\"fusion-column-wrapper fusion-flex-justify-content-center fusion-content-layout-column\"><div class=\"fusion-text fusion-text-1 fusion-animated\" style=\"--awb-font-size:60px;--awb-text-color:var(--awb-color1);--awb-text-font-family:&quot;Roboto&quot;;--awb-text-font-style:normal;--awb-text-font-weight:500;\" data-animationType=\"fadeInUp\" data-animationDuration=\"0.5\" data-animationOffset=\"top-into-view\"><p style=\"text-align: center;\">Shall we talk?<\/p>\n<\/div><\/div><\/div><\/div><\/div><div class=\"fusion-fullwidth fullwidth-box fusion-builder-row-2 fusion-flex-container nonhundred-percent-fullwidth non-hundred-percent-height-scrolling\" style=\"--awb-border-radius-top-left:0px;--awb-border-radius-top-right:0px;--awb-border-radius-bottom-right:0px;--awb-border-radius-bottom-left:0px;--awb-padding-top:60px;--awb-padding-bottom:10px;--awb-flex-wrap:wrap;\" ><div class=\"fusion-builder-row fusion-row fusion-flex-align-items-flex-start fusion-flex-content-wrap\" style=\"max-width:1248px;margin-left: calc(-4% \/ 2 );margin-right: calc(-4% \/ 2 );\"><div class=\"fusion-layout-column fusion_builder_column fusion-builder-column-1 fusion_builder_column_1_1 1_1 fusion-flex-column\" style=\"--awb-bg-blend:overlay;--awb-bg-size:cover;--awb-width-large:100%;--awb-margin-top-large:0px;--awb-spacing-right-large:1.92%;--awb-margin-bottom-large:0px;--awb-spacing-left-large:1.92%;--awb-width-medium:100%;--awb-spacing-right-medium:1.92%;--awb-spacing-left-medium:1.92%;--awb-width-small:100%;--awb-spacing-right-small:1.92%;--awb-spacing-left-small:1.92%;\"><div class=\"fusion-column-wrapper fusion-flex-justify-content-flex-start fusion-content-layout-column\"><div class=\"fusion-title title fusion-title-1 fusion-sep-none fusion-title-center fusion-title-text fusion-title-size-one\" style=\"--awb-margin-bottom:40px;--awb-font-size:42px;\"><h1 class=\"fusion-title-heading title-heading-center fusion-responsive-typography-calculated\" style=\"font-family:&quot;Roboto&quot;;font-style:normal;font-weight:700;margin:0;font-size:1em;--fontSize:42;line-height:var(--awb-typography1-line-height);\">Contact Abades \u00c1reas<\/h1><\/div><\/div><\/div><div class=\"fusion-layout-column fusion_builder_column fusion-builder-column-2 fusion_builder_column_1_6 1_6 fusion-flex-column\" style=\"--awb-bg-blend:overlay;--awb-bg-size:cover;--awb-width-large:16.666666666667%;--awb-margin-top-large:0px;--awb-spacing-right-large:11.52%;--awb-margin-bottom-large:0px;--awb-spacing-left-large:11.52%;--awb-width-medium:16.666666666667%;--awb-spacing-right-medium:11.52%;--awb-spacing-left-medium:11.52%;--awb-width-small:100%;--awb-spacing-right-small:1.92%;--awb-spacing-left-small:1.92%;\"><div class=\"fusion-column-wrapper fusion-flex-justify-content-flex-start fusion-content-layout-column\"><\/div><\/div><div class=\"fusion-layout-column fusion_builder_column fusion-builder-column-3 fusion_builder_column_2_3 2_3 fusion-flex-column\" style=\"--awb-bg-blend:overlay;--awb-bg-size:cover;--awb-width-large:66.666666666667%;--awb-margin-top-large:0px;--awb-spacing-right-large:2.88%;--awb-margin-bottom-large:0px;--awb-spacing-left-large:2.88%;--awb-width-medium:66.666666666667%;--awb-spacing-right-medium:2.88%;--awb-spacing-left-medium:2.88%;--awb-width-small:100%;--awb-spacing-right-small:1.92%;--awb-spacing-left-small:1.92%;\"><div class=\"fusion-column-wrapper fusion-flex-justify-content-flex-start fusion-content-layout-column\"><div class=\"fusion-text fusion-text-2 fusion-text-no-margin\" style=\"--awb-margin-bottom:40px;\"><p style=\"text-align: center;\">Would you like to host an event at our facilities? Need a quote?<br \/>\nDo you have any questions about our services?<\/p>\n<p style=\"text-align: center;\">Fill out our contact form <b>and we\u2019ll get back to you as soon as possible.<\/b><\/p>\n<\/div><\/div><\/div><div class=\"fusion-layout-column fusion_builder_column fusion-builder-column-4 fusion_builder_column_1_6 1_6 fusion-flex-column\" style=\"--awb-bg-blend:overlay;--awb-bg-size:cover;--awb-width-large:16.666666666667%;--awb-margin-top-large:0px;--awb-spacing-right-large:11.52%;--awb-margin-bottom-large:0px;--awb-spacing-left-large:11.52%;--awb-width-medium:16.666666666667%;--awb-spacing-right-medium:11.52%;--awb-spacing-left-medium:11.52%;--awb-width-small:100%;--awb-spacing-right-small:1.92%;--awb-spacing-left-small:1.92%;\"><div class=\"fusion-column-wrapper fusion-flex-justify-content-flex-start fusion-content-layout-column\"><\/div><\/div><\/div><\/div><div id=\"location\" class=\"fusion-container-anchor\"><div class=\"fusion-fullwidth fullwidth-box fusion-builder-row-3 fusion-flex-container nonhundred-percent-fullwidth non-hundred-percent-height-scrolling\" style=\"--awb-border-radius-top-left:0px;--awb-border-radius-top-right:0px;--awb-border-radius-bottom-right:0px;--awb-border-radius-bottom-left:0px;--awb-padding-top:10px;--awb-padding-bottom:60px;--awb-flex-wrap:wrap;\" ><div class=\"fusion-builder-row fusion-row fusion-flex-align-items-flex-start fusion-flex-content-wrap\" style=\"max-width:1248px;margin-left: calc(-4% \/ 2 );margin-right: calc(-4% \/ 2 );\"><div class=\"fusion-layout-column fusion_builder_column fusion-builder-column-5 fusion_builder_column_1_1 1_1 fusion-flex-column\" style=\"--awb-overflow:hidden;--awb-bg-image:radial-gradient(circle at center center, var(--awb-custom_color_1) 40%,#a30808 100%);--awb-bg-size:cover;--awb-border-radius:2px 2px 2px 2px;--awb-width-large:100%;--awb-margin-top-large:0px;--awb-spacing-right-large:1.92%;--awb-margin-bottom-large:20px;--awb-spacing-left-large:1.92%;--awb-width-medium:100%;--awb-order-medium:0;--awb-spacing-right-medium:1.92%;--awb-spacing-left-medium:1.92%;--awb-width-small:100%;--awb-order-small:0;--awb-spacing-right-small:1.92%;--awb-spacing-left-small:1.92%;\"><div class=\"fusion-column-wrapper fusion-column-has-shadow fusion-flex-justify-content-flex-start fusion-content-layout-column\"><div class=\"fusion-builder-row fusion-builder-row-inner fusion-row fusion-flex-align-items-flex-start fusion-flex-content-wrap\" style=\"width:104% !important;max-width:104% !important;margin-left: calc(-4% \/ 2 );margin-right: calc(-4% \/ 2 );\"><div class=\"fusion-layout-column fusion_builder_column_inner fusion-builder-nested-column-0 fusion_builder_column_inner_2_3 2_3 fusion-flex-column\" style=\"--awb-padding-top:40px;--awb-padding-right:8%;--awb-padding-bottom:40px;--awb-padding-left:8%;--awb-bg-color:#d8d8d8;--awb-bg-color-hover:#d8d8d8;--awb-bg-size:cover;--awb-width-large:66.666666666667%;--awb-margin-top-large:0px;--awb-spacing-right-large:2.88%;--awb-margin-bottom-large:0px;--awb-spacing-left-large:2.88%;--awb-width-medium:66.666666666667%;--awb-order-medium:0;--awb-spacing-right-medium:2.88%;--awb-spacing-left-medium:2.88%;--awb-width-small:100%;--awb-order-small:0;--awb-spacing-right-small:1.92%;--awb-spacing-left-small:1.92%;\"><div class=\"fusion-column-wrapper fusion-column-has-shadow fusion-flex-justify-content-flex-start fusion-content-layout-column\"><div class=\"fusion-text fusion-text-3\"><p>Get in touch with our office in Spain, we will get back to you as soon as possible.<\/p>\n<p><strong>Areas Spain<\/strong><\/p>\n<p>Edificio Il\u00b7lumina, C\/ de Gaspar F\u00e0bregas i Roses, 81, 2nd Fl., 08950 Esplugues de Llobregat, Barcelona<\/p>\n<p><img decoding=\"async\" class=\"entered lazyloaded\" src=\"https:\/\/es.areas.com\/wp-content\/uploads\/sites\/6\/2023\/01\/telefono.svg\" data-lazy-src=\"https:\/\/es.areas.com\/wp-content\/uploads\/sites\/6\/2023\/01\/telefono.svg\" data-ll-status=\"loaded\">&nbsp; +34 93 240 15 15&nbsp; &nbsp; &nbsp; &nbsp;&nbsp;<img decoding=\"async\" class=\"entered lazyloaded\" src=\"https:\/\/es.areas.com\/wp-content\/uploads\/sites\/6\/2023\/01\/sobre.svg\" data-lazy-src=\"https:\/\/es.areas.com\/wp-content\/uploads\/sites\/6\/2023\/01\/sobre.svg\" data-ll-status=\"loaded\">&nbsp;<a href=\"mailto:info.es@areas.com\">info.es@areas.com<\/a><\/p>\n<\/div><\/div><\/div><div class=\"fusion-layout-column fusion_builder_column_inner fusion-builder-nested-column-1 fusion_builder_column_inner_1_3 1_3 fusion-flex-column fusion-flex-align-self-stretch\" style=\"--awb-padding-top:30px;--awb-padding-right:30px;--awb-padding-bottom:30px;--awb-padding-left:30px;--awb-bg-size:cover;--awb-width-large:33.333333333333%;--awb-margin-top-large:0px;--awb-spacing-right-large:5.76%;--awb-margin-bottom-large:0px;--awb-spacing-left-large:0%;--awb-width-medium:33.333333333333%;--awb-order-medium:0;--awb-spacing-right-medium:5.76%;--awb-spacing-left-medium:0%;--awb-width-small:100%;--awb-order-small:0;--awb-spacing-right-small:1.92%;--awb-spacing-left-small:1.92%;\"><div class=\"fusion-column-wrapper fusion-column-has-shadow fusion-flex-justify-content-center fusion-content-layout-column\"><div class=\"fusion-title title fusion-title-2 fusion-sep-none fusion-title-center fusion-title-text fusion-title-size-three\" style=\"--awb-text-color:#ffffff;\"><h3 class=\"fusion-title-heading title-heading-center fusion-responsive-typography-calculated\" style=\"font-family:&quot;Roboto&quot;;font-style:normal;font-weight:500;margin:0;--fontSize:36;line-height:var(--awb-typography1-line-height);\">Booking Centre<\/h3><\/div><div class=\"fusion-text fusion-text-4\" style=\"--awb-text-color:var(--awb-color1);\"><p style=\"text-align: center;\">Tlf: 93 889 99 77<\/p>\n<hr>\n<p style=\"text-align: center; font-size: 15px;\">Booking website for all hotels:<br \/>\n<a href=\"https:\/\/www.areashoteles.com\/hoteles\/\">https:\/\/www.areashoteles.com\/hoteles\/<\/a><\/p>\n<\/div><\/div><\/div><\/div><\/div><\/div><\/div><\/div><\/div><div class=\"fusion-fullwidth fullwidth-box fusion-builder-row-4 fusion-flex-container nonhundred-percent-fullwidth non-hundred-percent-height-scrolling\" style=\"--awb-border-radius-top-left:0px;--awb-border-radius-top-right:0px;--awb-border-radius-bottom-right:0px;--awb-border-radius-bottom-left:0px;--awb-padding-top:0px;--awb-padding-right:0px;--awb-padding-bottom:0px;--awb-padding-left:0px;--awb-margin-bottom:0px;--awb-flex-wrap:wrap;\" ><div class=\"fusion-builder-row fusion-row fusion-flex-align-items-flex-start fusion-flex-content-wrap\" style=\"max-width:1248px;margin-left: calc(-4% \/ 2 );margin-right: calc(-4% \/ 2 );\"><div class=\"fusion-layout-column fusion_builder_column fusion-builder-column-6 fusion_builder_column_1_1 1_1 fusion-flex-column\" style=\"--awb-bg-size:cover;--awb-width-large:100%;--awb-margin-top-large:0px;--awb-spacing-right-large:1.92%;--awb-margin-bottom-large:20px;--awb-spacing-left-large:1.92%;--awb-width-medium:100%;--awb-order-medium:0;--awb-spacing-right-medium:1.92%;--awb-spacing-left-medium:1.92%;--awb-width-small:100%;--awb-order-small:0;--awb-spacing-right-small:1.92%;--awb-spacing-left-small:1.92%;\"><div class=\"fusion-column-wrapper fusion-column-has-shadow fusion-flex-justify-content-flex-start fusion-content-layout-column\"><div class=\"fusion-title title fusion-title-3 fusion-sep-none fusion-title-center fusion-title-text fusion-title-size-two\" style=\"--awb-margin-bottom:40px;--awb-font-size:42px;\"><h2 class=\"fusion-title-heading title-heading-center fusion-responsive-typography-calculated\" style=\"font-family:&quot;Roboto&quot;;font-style:normal;font-weight:700;margin:0;font-size:1em;--fontSize:42;line-height:var(--awb-typography1-line-height);\">Find the perfect stop<\/h2><\/div><iframe src=\"https:\/\/www.google.com\/maps\/d\/embed?mid=1nO0ADx1ogmulq0mgkfgaNkDCuGk\" width=\"100%\" height=\"450\"><\/iframe><\/div><\/div><\/div><\/div><\/p>\n","protected":false},"excerpt":{"rendered":"","protected":false},"author":2,"featured_media":0,"parent":0,"menu_order":0,"comment_status":"closed","ping_status":"closed","template":"100-width.php","meta":{"footnotes":""},"class_list":["post-8155","page","type-page","status-publish","hentry"],"yoast_head":"<!-- This site is optimized with the Yoast SEO plugin v25.7 - https:\/\/yoast.com\/wordpress\/plugins\/seo\/ -->\n<title>Contact Abades \u00c1reas<\/title>\n<meta name=\"description\" content=\"Contact form and reservations centre of Abades \u00c1reas. Get in touch with us and request your group menu or any other information.\" \/>\n<meta name=\"robots\" content=\"index, follow, max-snippet:-1, max-image-preview:large, max-video-preview:-1\" \/>\n<link rel=\"canonical\" href=\"https:\/\/www.abadesareas.com\/en\/contact-us\/\" \/>\n<meta property=\"og:locale\" content=\"en_US\" \/>\n<meta property=\"og:type\" content=\"article\" \/>\n<meta property=\"og:title\" content=\"Contact Abades \u00c1reas\" \/>\n<meta property=\"og:description\" content=\"Contact form and reservations centre of Abades \u00c1reas. Get in touch with us and request your group menu or any other information.\" \/>\n<meta property=\"og:url\" content=\"https:\/\/www.abadesareas.com\/en\/contact-us\/\" \/>\n<meta property=\"og:site_name\" content=\"Abades \u00c1reas\" \/>\n<meta property=\"article:publisher\" content=\"https:\/\/www.facebook.com\/abadesareas\" \/>\n<meta property=\"article:modified_time\" content=\"2026-03-23T16:51:15+00:00\" \/>\n<meta property=\"og:image\" content=\"https:\/\/es.areas.com\/wp-content\/uploads\/sites\/6\/2023\/01\/telefono.svg\" \/>\n<meta name=\"twitter:card\" content=\"summary_large_image\" \/>\n<meta name=\"twitter:label1\" content=\"Est. reading time\" \/>\n\t<meta name=\"twitter:data1\" content=\"1 minute\" \/>\n<script type=\"application\/ld+json\" class=\"yoast-schema-graph\">{\"@context\":\"https:\/\/schema.org\",\"@graph\":[{\"@type\":\"WebPage\",\"@id\":\"https:\/\/www.abadesareas.com\/en\/contact-us\/\",\"url\":\"https:\/\/www.abadesareas.com\/en\/contact-us\/\",\"name\":\"Contact Abades \u00c1reas\",\"isPartOf\":{\"@id\":\"https:\/\/www.abadesareas.com\/en\/#website\"},\"primaryImageOfPage\":{\"@id\":\"https:\/\/www.abadesareas.com\/en\/contact-us\/#primaryimage\"},\"image\":{\"@id\":\"https:\/\/www.abadesareas.com\/en\/contact-us\/#primaryimage\"},\"thumbnailUrl\":\"https:\/\/es.areas.com\/wp-content\/uploads\/sites\/6\/2023\/01\/telefono.svg\",\"datePublished\":\"2025-06-10T09:49:38+00:00\",\"dateModified\":\"2026-03-23T16:51:15+00:00\",\"description\":\"Contact form and reservations centre of Abades \u00c1reas. Get in touch with us and request your group menu or any other information.\",\"breadcrumb\":{\"@id\":\"https:\/\/www.abadesareas.com\/en\/contact-us\/#breadcrumb\"},\"inLanguage\":\"en-US\",\"potentialAction\":[{\"@type\":\"ReadAction\",\"target\":[\"https:\/\/www.abadesareas.com\/en\/contact-us\/\"]}]},{\"@type\":\"ImageObject\",\"inLanguage\":\"en-US\",\"@id\":\"https:\/\/www.abadesareas.com\/en\/contact-us\/#primaryimage\",\"url\":\"https:\/\/es.areas.com\/wp-content\/uploads\/sites\/6\/2023\/01\/telefono.svg\",\"contentUrl\":\"https:\/\/es.areas.com\/wp-content\/uploads\/sites\/6\/2023\/01\/telefono.svg\"},{\"@type\":\"BreadcrumbList\",\"@id\":\"https:\/\/www.abadesareas.com\/en\/contact-us\/#breadcrumb\",\"itemListElement\":[{\"@type\":\"ListItem\",\"position\":1,\"name\":\"Portada\",\"item\":\"https:\/\/www.abadesareas.com\/en\/\"},{\"@type\":\"ListItem\",\"position\":2,\"name\":\"Contact\"}]},{\"@type\":\"WebSite\",\"@id\":\"https:\/\/www.abadesareas.com\/en\/#website\",\"url\":\"https:\/\/www.abadesareas.com\/en\/\",\"name\":\"Abades \u00c1reas\",\"description\":\"\u00c1reas de servicio Abades \u00c1reas\",\"alternateName\":\"\u00c1reas de servicio y descanso Abades \u00c1reas\",\"potentialAction\":[{\"@type\":\"SearchAction\",\"target\":{\"@type\":\"EntryPoint\",\"urlTemplate\":\"https:\/\/www.abadesareas.com\/en\/?s={search_term_string}\"},\"query-input\":{\"@type\":\"PropertyValueSpecification\",\"valueRequired\":true,\"valueName\":\"search_term_string\"}}],\"inLanguage\":\"en-US\"}]}<\/script>\n<!-- \/ Yoast SEO plugin. -->","yoast_head_json":{"title":"Contact Abades \u00c1reas","description":"Contact form and reservations centre of Abades \u00c1reas. Get in touch with us and request your group menu or any other information.","robots":{"index":"index","follow":"follow","max-snippet":"max-snippet:-1","max-image-preview":"max-image-preview:large","max-video-preview":"max-video-preview:-1"},"canonical":"https:\/\/www.abadesareas.com\/en\/contact-us\/","og_locale":"en_US","og_type":"article","og_title":"Contact Abades \u00c1reas","og_description":"Contact form and reservations centre of Abades \u00c1reas. Get in touch with us and request your group menu or any other information.","og_url":"https:\/\/www.abadesareas.com\/en\/contact-us\/","og_site_name":"Abades \u00c1reas","article_publisher":"https:\/\/www.facebook.com\/abadesareas","article_modified_time":"2026-03-23T16:51:15+00:00","og_image":[{"url":"https:\/\/es.areas.com\/wp-content\/uploads\/sites\/6\/2023\/01\/telefono.svg","type":"","width":"","height":""}],"twitter_card":"summary_large_image","twitter_misc":{"Est. reading time":"1 minute"},"schema":{"@context":"https:\/\/schema.org","@graph":[{"@type":"WebPage","@id":"https:\/\/www.abadesareas.com\/en\/contact-us\/","url":"https:\/\/www.abadesareas.com\/en\/contact-us\/","name":"Contact Abades \u00c1reas","isPartOf":{"@id":"https:\/\/www.abadesareas.com\/en\/#website"},"primaryImageOfPage":{"@id":"https:\/\/www.abadesareas.com\/en\/contact-us\/#primaryimage"},"image":{"@id":"https:\/\/www.abadesareas.com\/en\/contact-us\/#primaryimage"},"thumbnailUrl":"https:\/\/es.areas.com\/wp-content\/uploads\/sites\/6\/2023\/01\/telefono.svg","datePublished":"2025-06-10T09:49:38+00:00","dateModified":"2026-03-23T16:51:15+00:00","description":"Contact form and reservations centre of Abades \u00c1reas. Get in touch with us and request your group menu or any other information.","breadcrumb":{"@id":"https:\/\/www.abadesareas.com\/en\/contact-us\/#breadcrumb"},"inLanguage":"en-US","potentialAction":[{"@type":"ReadAction","target":["https:\/\/www.abadesareas.com\/en\/contact-us\/"]}]},{"@type":"ImageObject","inLanguage":"en-US","@id":"https:\/\/www.abadesareas.com\/en\/contact-us\/#primaryimage","url":"https:\/\/es.areas.com\/wp-content\/uploads\/sites\/6\/2023\/01\/telefono.svg","contentUrl":"https:\/\/es.areas.com\/wp-content\/uploads\/sites\/6\/2023\/01\/telefono.svg"},{"@type":"BreadcrumbList","@id":"https:\/\/www.abadesareas.com\/en\/contact-us\/#breadcrumb","itemListElement":[{"@type":"ListItem","position":1,"name":"Portada","item":"https:\/\/www.abadesareas.com\/en\/"},{"@type":"ListItem","position":2,"name":"Contact"}]},{"@type":"WebSite","@id":"https:\/\/www.abadesareas.com\/en\/#website","url":"https:\/\/www.abadesareas.com\/en\/","name":"Abades \u00c1reas","description":"\u00c1reas de servicio Abades \u00c1reas","alternateName":"\u00c1reas de servicio y descanso Abades \u00c1reas","potentialAction":[{"@type":"SearchAction","target":{"@type":"EntryPoint","urlTemplate":"https:\/\/www.abadesareas.com\/en\/?s={search_term_string}"},"query-input":{"@type":"PropertyValueSpecification","valueRequired":true,"valueName":"search_term_string"}}],"inLanguage":"en-US"}]}},"_links":{"self":[{"href":"https:\/\/www.abadesareas.com\/en\/wp-json\/wp\/v2\/pages\/8155","targetHints":{"allow":["GET"]}}],"collection":[{"href":"https:\/\/www.abadesareas.com\/en\/wp-json\/wp\/v2\/pages"}],"about":[{"href":"https:\/\/www.abadesareas.com\/en\/wp-json\/wp\/v2\/types\/page"}],"author":[{"embeddable":true,"href":"https:\/\/www.abadesareas.com\/en\/wp-json\/wp\/v2\/users\/2"}],"replies":[{"embeddable":true,"href":"https:\/\/www.abadesareas.com\/en\/wp-json\/wp\/v2\/comments?post=8155"}],"version-history":[{"count":3,"href":"https:\/\/www.abadesareas.com\/en\/wp-json\/wp\/v2\/pages\/8155\/revisions"}],"predecessor-version":[{"id":9550,"href":"https:\/\/www.abadesareas.com\/en\/wp-json\/wp\/v2\/pages\/8155\/revisions\/9550"}],"wp:attachment":[{"href":"https:\/\/www.abadesareas.com\/en\/wp-json\/wp\/v2\/media?parent=8155"}],"curies":[{"name":"wp","href":"https:\/\/api.w.org\/{rel}","templated":true}]}}